{"id":1154,"date":"2023-05-05T14:49:35","date_gmt":"2023-05-05T12:49:35","guid":{"rendered":"https:\/\/itcs.group\/?page_id=1154"},"modified":"2023-05-05T16:02:34","modified_gmt":"2023-05-05T14:02:34","slug":"impressum","status":"publish","type":"page","link":"https:\/\/itcs.group\/?page_id=1154","title":{"rendered":"Impressum"},"content":{"rendered":"\t\t<div data-elementor-type=\"wp-page\" data-elementor-id=\"1154\" class=\"elementor elementor-1154\" data-elementor-post-type=\"page\">\n\t\t\t\t<div class=\"elementor-element elementor-element-1206cd0 e-flex e-con-boxed e-con e-parent\" data-id=\"1206cd0\" data-element_type=\"container\" data-e-type=\"container\">\n\t\t\t\t\t<div class=\"e-con-inner\">\n\t\t<div class=\"elementor-element elementor-element-90cc72b e-flex e-con-boxed e-con e-child\" data-id=\"90cc72b\" data-element_type=\"container\" data-e-type=\"container\">\n\t\t\t\t\t<div class=\"e-con-inner\">\n\t\t\t\t<div class=\"elementor-element elementor-element-610a225 elementor-widget elementor-widget-hub_fancy_heading\" data-id=\"610a225\" data-element_type=\"widget\" data-e-type=\"widget\" data-widget_type=\"hub_fancy_heading.default\">\n\t\t\t\t<div class=\"elementor-widget-container\">\n\t\t\t\t\t\n\t\t<div id=\"ld-fancy-heading-69e156c6e1e04\" class=\"ld-fancy-heading pos-rel\">\n\t\t\t<h2 class=\"ld-fh-element d-inline-block pos-rel  elementor-heading-title lqd-highlight-classic lqd-highlight-grow-left h2\"  > Impressum<\/h2>\t\t<\/div>\n\n\t\t\t\t\t\t<\/div>\n\t\t\t\t<\/div>\n\t\t\t\t<div class=\"elementor-element elementor-element-621a452 elementor-widget elementor-widget-text-editor\" data-id=\"621a452\" data-element_type=\"widget\" data-e-type=\"widget\" data-widget_type=\"text-editor.default\">\n\t\t\t\t<div class=\"elementor-widget-container\">\n\t\t\t\t\t\t\t\t\t<p>ITCSgroup<br \/>Schulstra\u00dfe 2-4<br \/>09427 Ehrenfriedersdorf<\/p><p>Telefon:\u00a0+49 (37341) 48 67 10<br \/>Telefax:\u00a0+49 (37341) 48 67 19<br \/>Email:\u00a0<a href=\"mailto:info@quis.ag\">info@quis.ag<\/a><\/p><p>Datenschutzbeauftragter:<br \/>Marcel N\u00f6sel<\/p><p><strong>Haftungshinweis<\/strong><br \/>Trotz sorgf\u00e4ltiger inhaltlicher Kontrolle \u00fcbernehmen wir keine Haftung<br \/>f\u00fcr die Inhalte externer Links. F\u00fcr den Inhalt der verlinkten Seiten<br \/>sind ausschlie\u00dflich deren Betreiber verantwortlich.<\/p><p>Copyright Alle Texte, Logos, Grafiken, Dateien, Soundfiles und<br \/>Videosequenzen unterliegen dem Urheberrecht. Die Seiten d\u00fcrfen nur nach<br \/>vorheriger schriftlicher Einwilligung zum eigenen Gebrauch<br \/>vervielf\u00e4ltigt, ge\u00e4ndert, gedruckt, weitergegeben oder in sonstiger Art<br \/>und Weise reproduziert werden. Verwendete Markennamen und Logos<br \/>unterliegen dem Urheberrecht der Eigent\u00fcmer.<\/p><p><strong>Haftungsausschluss<\/strong><br \/>Wir \u00fcbernehmen keine Gew\u00e4hr \u00fcber Aktualit\u00e4t, Vollst\u00e4ndigkeit,<br \/>Richtigkeit?und Qualit\u00e4t der hier ver\u00f6ffentlichten Daten und<br \/>Informationen. Wir \u00fcbernehmen keine Haftung f\u00fcr jegliche Art von<br \/>Sch\u00e4den, die durch die Nutzung der dargebotenen Informationen entstehen.<br \/>Haftungsanspr\u00fcche aus der Nutzung fehlerhafter, falscher oder<br \/>unvollst\u00e4ndiger Informationen k\u00f6nnen gegen uns nur bei grobem Vorsatz<br \/>geltend gemacht werden. Wir behalten uns ausdr\u00fccklich vor, einzelne<br \/>Seiten sowie das gesamte Angebot?ohne gesonderte Ank\u00fcndigung zu \u00e4ndern,<br \/>zu erg\u00e4nzen zu l\u00f6schen oder zeitweise einzustellen. Alle Angebote sind<br \/>freibleibend, unverbindlich und gelten solange der Vorrat reicht.<\/p><p><strong>Datenschutz<\/strong><br \/>Die Erhebung, Nutzung und Verarbeitung Ihrer personenbezogenen Daten<br \/>erfolgt unter strikter Beachtung der einschl\u00e4gigen rechtlichen<br \/>Bestimmungen, insbesondere der Telekommunikations-Datenschutzverordnung,<br \/>des Teledienste-Datenschutzgesetzes und des Bundesdatenschutzgesetzes.<br \/>Eine Verarbeitung und Nutzung von Verbindungs- und Nutzungsdaten erfolgt<br \/>nur in anonymisierter Form.<\/p><p><strong>Keine Abmahnung ohne vorherigen Kontakt<\/strong><br \/>Sollte der Inhalt oder die Aufmachung dieser Seiten fremde Rechte<br \/>Dritter oder gesetzliche Bestimmungen verletzen, so bitten wir um eine<br \/>entsprechende Nachricht ohne Kostennote. Wir garantieren, dass die zu<br \/>Recht beanstandeten Passagen unverz\u00fcglich entfernt werden, ohne dass von<br \/>Ihrer Seite die Einschaltung eines Rechtsbeistandes erforderlich ist.<br \/>Dennoch von Ihnen ohne vorherige Kontaktaufnahme ausgel\u00f6ste Kosten<br \/>werden wir vollumf\u00e4nglich zur\u00fcckweisen und gegebenenfalls Gegenklage<br \/>wegen Verletzung vorgenannter Bestimmungen einreichen.<\/p><p>Die Bildrechte f\u00fcr alle auf diesen Seiten verwendeten Bilder liegen bei den jeweiligen Autoren.\u00a0<\/p>\t\t\t\t\t\t\t\t<\/div>\n\t\t\t\t<\/div>\n\t\t\t\t\t<\/div>\n\t\t\t\t<\/div>\n\t\t\t\t\t<\/div>\n\t\t\t\t<\/div>\n\t\t\t\t<\/div>\n\t\t","protected":false},"excerpt":{"rendered":"<p>Impressum ITCSgroupSchulstra\u00dfe 2-409427 Ehrenfriedersdorf Telefon:\u00a0+49 (37341) 48 67 10Telefax:\u00a0+49 (37341) 48 67 19Email:\u00a0info@quis.ag Datenschutzbeauftragter:Marcel N\u00f6sel HaftungshinweisTrotz sorgf\u00e4ltiger inhaltlicher Kontrolle \u00fcbernehmen wir keine Haftungf\u00fcr die Inhalte externer Links. F\u00fcr den Inhalt der verlinkten Seitensind ausschlie\u00dflich deren Betreiber verantwortlich. Copyright Alle Texte, Logos, Grafiken, Dateien, Soundfiles undVideosequenzen unterliegen dem Urheberrecht. Die Seiten d\u00fcrfen nur nachvorheriger schriftlicher Einwilligung [&hellip;]<\/p>\n","protected":false},"author":1,"featured_media":0,"parent":0,"menu_order":0,"comment_status":"closed","ping_status":"closed","template":"","meta":{"footnotes":""},"class_list":["post-1154","page","type-page","status-publish","hentry"],"_links":{"self":[{"href":"https:\/\/itcs.group\/index.php?rest_route=\/wp\/v2\/pages\/1154","targetHints":{"allow":["GET"]}}],"collection":[{"href":"https:\/\/itcs.group\/index.php?rest_route=\/wp\/v2\/pages"}],"about":[{"href":"https:\/\/itcs.group\/index.php?rest_route=\/wp\/v2\/types\/page"}],"author":[{"embeddable":true,"href":"https:\/\/itcs.group\/index.php?rest_route=\/wp\/v2\/users\/1"}],"replies":[{"embeddable":true,"href":"https:\/\/itcs.group\/index.php?rest_route=%2Fwp%2Fv2%2Fcomments&post=1154"}],"version-history":[{"count":16,"href":"https:\/\/itcs.group\/index.php?rest_route=\/wp\/v2\/pages\/1154\/revisions"}],"predecessor-version":[{"id":1174,"href":"https:\/\/itcs.group\/index.php?rest_route=\/wp\/v2\/pages\/1154\/revisions\/1174"}],"wp:attachment":[{"href":"https:\/\/itcs.group\/index.php?rest_route=%2Fwp%2Fv2%2Fmedia&parent=1154"}],"curies":[{"name":"wp","href":"https:\/\/api.w.org\/{rel}","templated":true}]}}